{"id":7,"date":"2018-03-13T19:35:42","date_gmt":"2018-03-13T19:35:42","guid":{"rendered":"http:\/\/koloumarket.com\/vestments\/?page_id=7"},"modified":"2018-09-11T17:28:34","modified_gmt":"2018-09-11T17:28:34","slug":"home","status":"publish","type":"page","link":"https:\/\/koloumarket.com\/vestments\/","title":{"rendered":"Home"},"content":{"rendered":"<h1>B\u00e9avogui Custom Made Liturgical Vestments<\/h1>\n<p>Welcome to B\u00e9avogui Custom Made Liturgical Vestments! The Chasubles, Dalmatics and Stoles are made with fusions of the finest authentic and original African print fabrics. If you do not find what you are looking for in our website, we are happy to work with you to create the perfect design from the fabric and styles that you choose. <\/p>\n<p>Explore our online catalog to see some of our offerings, and please feel free to email us to discuss any ideas that you may have. Let us help you bring your visions to life!<\/p>\n","protected":false},"excerpt":{"rendered":"<p>B\u00e9avogui Custom Made Liturgical Vestments Welcome to B\u00e9avogui Custom Made Liturgical Vestments! The Chasubles, Dalmatics and Stoles are made with fusions of the finest authentic and original African print fabrics. If you do not find what you are looking for in our website, we are happy to work with you to create the perfect design &hellip; <\/p>\n<p class=\"link-more\"><a href=\"https:\/\/koloumarket.com\/vestments\/\" class=\"more-link\">Continue reading<span class=\"screen-reader-text\"> &#8220;Home&#8221;<\/span><\/a><\/p>\n","protected":false},"author":1,"featured_media":0,"parent":0,"menu_order":0,"comment_status":"closed","ping_status":"closed","template":"","meta":{"footnotes":""},"class_list":["post-7","page","type-page","status-publish","hentry"],"yoast_head":"<!-- This site is optimized with the Yoast SEO plugin v27.6 - https:\/\/yoast.com\/product\/yoast-seo-wordpress\/ -->\n<title>Home - B\u00e9avogui<\/title>\n<meta name=\"robots\" content=\"index, follow, max-snippet:-1, max-image-preview:large, max-video-preview:-1\" \/>\n<link rel=\"canonical\" href=\"https:\/\/koloumarket.com\/vestments\/\" \/>\n<meta property=\"og:locale\" content=\"en_US\" \/>\n<meta property=\"og:type\" content=\"article\" \/>\n<meta property=\"og:title\" content=\"Home - B\u00e9avogui\" \/>\n<meta property=\"og:description\" content=\"B\u00e9avogui Custom Made Liturgical Vestments Welcome to B\u00e9avogui Custom Made Liturgical Vestments! The Chasubles, Dalmatics and Stoles are made with fusions of the finest authentic and original African print fabrics. If you do not find what you are looking for in our website, we are happy to work with you to create the perfect design &hellip; Continue reading &quot;Home&quot;\" \/>\n<meta property=\"og:url\" content=\"https:\/\/koloumarket.com\/vestments\/\" \/>\n<meta property=\"og:site_name\" content=\"B\u00e9avogui\" \/>\n<meta property=\"article:modified_time\" content=\"2018-09-11T17:28:34+00:00\" \/>\n<meta name=\"twitter:card\" content=\"summary_large_image\" \/>\n<script type=\"application\/ld+json\" class=\"yoast-schema-graph\">{\"@context\":\"https:\\\/\\\/schema.org\",\"@graph\":[{\"@type\":\"WebPage\",\"@id\":\"https:\\\/\\\/koloumarket.com\\\/vestments\\\/\",\"url\":\"https:\\\/\\\/koloumarket.com\\\/vestments\\\/\",\"name\":\"Home - B\u00e9avogui\",\"isPartOf\":{\"@id\":\"https:\\\/\\\/koloumarket.com\\\/vestments\\\/#website\"},\"datePublished\":\"2018-03-13T19:35:42+00:00\",\"dateModified\":\"2018-09-11T17:28:34+00:00\",\"breadcrumb\":{\"@id\":\"https:\\\/\\\/koloumarket.com\\\/vestments\\\/#breadcrumb\"},\"inLanguage\":\"en-US\",\"potentialAction\":[{\"@type\":\"ReadAction\",\"target\":[\"https:\\\/\\\/koloumarket.com\\\/vestments\\\/\"]}]},{\"@type\":\"BreadcrumbList\",\"@id\":\"https:\\\/\\\/koloumarket.com\\\/vestments\\\/#breadcrumb\",\"itemListElement\":[{\"@type\":\"ListItem\",\"position\":1,\"name\":\"Home\",\"item\":\"https:\\\/\\\/koloumarket.com\\\/vestments\\\/\"},{\"@type\":\"ListItem\",\"position\":2,\"name\":\"Home\"}]},{\"@type\":\"WebSite\",\"@id\":\"https:\\\/\\\/koloumarket.com\\\/vestments\\\/#website\",\"url\":\"https:\\\/\\\/koloumarket.com\\\/vestments\\\/\",\"name\":\"B\u00e9avogui Custom Made Liturgical Vestments\",\"description\":\"Custom Made Liturgical Vestments\",\"publisher\":{\"@id\":\"https:\\\/\\\/koloumarket.com\\\/vestments\\\/#organization\"},\"potentialAction\":[{\"@type\":\"SearchAction\",\"target\":{\"@type\":\"EntryPoint\",\"urlTemplate\":\"https:\\\/\\\/koloumarket.com\\\/vestments\\\/?s={search_term_string}\"},\"query-input\":{\"@type\":\"PropertyValueSpecification\",\"valueRequired\":true,\"valueName\":\"search_term_string\"}}],\"inLanguage\":\"en-US\"},{\"@type\":\"Organization\",\"@id\":\"https:\\\/\\\/koloumarket.com\\\/vestments\\\/#organization\",\"name\":\"Beavogui Custom Made Liturgical Vestments\",\"url\":\"https:\\\/\\\/koloumarket.com\\\/vestments\\\/\",\"logo\":{\"@type\":\"ImageObject\",\"inLanguage\":\"en-US\",\"@id\":\"https:\\\/\\\/koloumarket.com\\\/vestments\\\/#\\\/schema\\\/logo\\\/image\\\/\",\"url\":\"https:\\\/\\\/i2.wp.com\\\/koloumarket.com\\\/vestments\\\/wp-content\\\/uploads\\\/2018\\\/03\\\/beavoguilogo-1.png?fit=600%2C248&ssl=1\",\"contentUrl\":\"https:\\\/\\\/i2.wp.com\\\/koloumarket.com\\\/vestments\\\/wp-content\\\/uploads\\\/2018\\\/03\\\/beavoguilogo-1.png?fit=600%2C248&ssl=1\",\"width\":600,\"height\":248,\"caption\":\"Beavogui Custom Made Liturgical Vestments\"},\"image\":{\"@id\":\"https:\\\/\\\/koloumarket.com\\\/vestments\\\/#\\\/schema\\\/logo\\\/image\\\/\"}}]}<\/script>\n<!-- \/ Yoast SEO plugin. -->","yoast_head_json":{"title":"Home - B\u00e9avogui","robots":{"index":"index","follow":"follow","max-snippet":"max-snippet:-1","max-image-preview":"max-image-preview:large","max-video-preview":"max-video-preview:-1"},"canonical":"https:\/\/koloumarket.com\/vestments\/","og_locale":"en_US","og_type":"article","og_title":"Home - B\u00e9avogui","og_description":"B\u00e9avogui Custom Made Liturgical Vestments Welcome to B\u00e9avogui Custom Made Liturgical Vestments! The Chasubles, Dalmatics and Stoles are made with fusions of the finest authentic and original African print fabrics. If you do not find what you are looking for in our website, we are happy to work with you to create the perfect design &hellip; Continue reading \"Home\"","og_url":"https:\/\/koloumarket.com\/vestments\/","og_site_name":"B\u00e9avogui","article_modified_time":"2018-09-11T17:28:34+00:00","twitter_card":"summary_large_image","schema":{"@context":"https:\/\/schema.org","@graph":[{"@type":"WebPage","@id":"https:\/\/koloumarket.com\/vestments\/","url":"https:\/\/koloumarket.com\/vestments\/","name":"Home - B\u00e9avogui","isPartOf":{"@id":"https:\/\/koloumarket.com\/vestments\/#website"},"datePublished":"2018-03-13T19:35:42+00:00","dateModified":"2018-09-11T17:28:34+00:00","breadcrumb":{"@id":"https:\/\/koloumarket.com\/vestments\/#breadcrumb"},"inLanguage":"en-US","potentialAction":[{"@type":"ReadAction","target":["https:\/\/koloumarket.com\/vestments\/"]}]},{"@type":"BreadcrumbList","@id":"https:\/\/koloumarket.com\/vestments\/#breadcrumb","itemListElement":[{"@type":"ListItem","position":1,"name":"Home","item":"https:\/\/koloumarket.com\/vestments\/"},{"@type":"ListItem","position":2,"name":"Home"}]},{"@type":"WebSite","@id":"https:\/\/koloumarket.com\/vestments\/#website","url":"https:\/\/koloumarket.com\/vestments\/","name":"B\u00e9avogui Custom Made Liturgical Vestments","description":"Custom Made Liturgical Vestments","publisher":{"@id":"https:\/\/koloumarket.com\/vestments\/#organization"},"potentialAction":[{"@type":"SearchAction","target":{"@type":"EntryPoint","urlTemplate":"https:\/\/koloumarket.com\/vestments\/?s={search_term_string}"},"query-input":{"@type":"PropertyValueSpecification","valueRequired":true,"valueName":"search_term_string"}}],"inLanguage":"en-US"},{"@type":"Organization","@id":"https:\/\/koloumarket.com\/vestments\/#organization","name":"Beavogui Custom Made Liturgical Vestments","url":"https:\/\/koloumarket.com\/vestments\/","logo":{"@type":"ImageObject","inLanguage":"en-US","@id":"https:\/\/koloumarket.com\/vestments\/#\/schema\/logo\/image\/","url":"https:\/\/i2.wp.com\/koloumarket.com\/vestments\/wp-content\/uploads\/2018\/03\/beavoguilogo-1.png?fit=600%2C248&ssl=1","contentUrl":"https:\/\/i2.wp.com\/koloumarket.com\/vestments\/wp-content\/uploads\/2018\/03\/beavoguilogo-1.png?fit=600%2C248&ssl=1","width":600,"height":248,"caption":"Beavogui Custom Made Liturgical Vestments"},"image":{"@id":"https:\/\/koloumarket.com\/vestments\/#\/schema\/logo\/image\/"}}]}},"jetpack_sharing_enabled":true,"_links":{"self":[{"href":"https:\/\/koloumarket.com\/vestments\/wp-json\/wp\/v2\/pages\/7","targetHints":{"allow":["GET"]}}],"collection":[{"href":"https:\/\/koloumarket.com\/vestments\/wp-json\/wp\/v2\/pages"}],"about":[{"href":"https:\/\/koloumarket.com\/vestments\/wp-json\/wp\/v2\/types\/page"}],"author":[{"embeddable":true,"href":"https:\/\/koloumarket.com\/vestments\/wp-json\/wp\/v2\/users\/1"}],"replies":[{"embeddable":true,"href":"https:\/\/koloumarket.com\/vestments\/wp-json\/wp\/v2\/comments?post=7"}],"version-history":[{"count":8,"href":"https:\/\/koloumarket.com\/vestments\/wp-json\/wp\/v2\/pages\/7\/revisions"}],"predecessor-version":[{"id":193,"href":"https:\/\/koloumarket.com\/vestments\/wp-json\/wp\/v2\/pages\/7\/revisions\/193"}],"wp:attachment":[{"href":"https:\/\/koloumarket.com\/vestments\/wp-json\/wp\/v2\/media?parent=7"}],"curies":[{"name":"wp","href":"https:\/\/api.w.org\/{rel}","templated":true}]}}